{"id":20222,"date":"2021-09-24T12:26:47","date_gmt":"2021-09-24T10:26:47","guid":{"rendered":"https:\/\/www.alpjobs.co\/?page_id=20222"},"modified":"2024-05-02T14:02:42","modified_gmt":"2024-05-02T12:02:42","slug":"cookies-and-data","status":"publish","type":"page","link":"https:\/\/www.alpjobs.co\/en\/cookies-and-data\/","title":{"rendered":"Cookies and Data"},"content":{"rendered":"\t\t<div data-elementor-type=\"wp-page\" data-elementor-id=\"20222\" class=\"elementor elementor-20222 elementor-58\" data-elementor-post-type=\"page\">\n\t\t\t\t\t\t<section class=\"elementor-section elementor-top-section elementor-element elementor-element-35a6ae47 elementor-section-boxed elementor-section-height-default elementor-section-height-default\" data-id=\"35a6ae47\" data-element_type=\"section\" data-e-type=\"section\">\n\t\t\t\t\t\t<div class=\"elementor-container elementor-column-gap-default\">\n\t\t\t\t\t<div class=\"elementor-column elementor-col-100 elementor-top-column elementor-element elementor-element-67408b66\" data-id=\"67408b66\" data-element_type=\"column\" data-e-type=\"column\">\n\t\t\t<div class=\"elementor-widget-wrap elementor-element-populated\">\n\t\t\t\t\t\t<div class=\"elementor-element elementor-element-2918c248 elementor-widget elementor-widget-text-editor\" data-id=\"2918c248\" data-element_type=\"widget\" data-e-type=\"widget\" data-widget_type=\"text-editor.default\">\n\t\t\t\t<div class=\"elementor-widget-container\">\n\t\t\t\t\t\t\t\t\t<h2 class=\"entry-title\">Cookies<\/h2><p><img decoding=\"async\" class=\"size-full wp-image-87 alignright lazyload\" data-src=\"\/content\/uploads\/2018\/05\/controls.png\" alt=\"controls\" width=\"150\" height=\"110\" src=\"data:image\/svg+xml;base64,PHN2ZyB3aWR0aD0iMSIgaGVpZ2h0PSIxIiB4bWxucz0iaHR0cDovL3d3dy53My5vcmcvMjAwMC9zdmciPjwvc3ZnPg==\" style=\"--smush-placeholder-width: 150px; --smush-placeholder-aspect-ratio: 150\/110;\" \/>Diese Seite verwendet Cookies \u2013 Das sind kleine Textdateien auf Ihrem Ger\u00e4t, die Webseiten dabei unterst\u00fctzen Ihnen eine bessere Erfahrung zu bieten. Allgemein werden Cookies verwendet um Nutzerinformationen zu speichern, z.B.: Eingeloggt-Status, Warenkorb im Online Shop, Einstellungen und anonymisierte Tracking Daten f\u00fcr externe Dienste wie Google Analytics oder Facebook. Cookies erm\u00f6glichen Ihnen ein besseres und einfacheres Online-Erlebnis.<\/p><p>Auch f\u00fcr eigene Zwecke ben\u00f6tigen wir Cookies. Wir erfahren dadurch, welche Inhalte unseres online Angebots gefragt sind, woher unsere Besucher kommen und wie wir unser Angebot verbessern k\u00f6nnen. Au\u00dferdem nutzen wir sie zusammen mit Zugriffsinformationen um die Webseite sicherer zu machen.<\/p><p>Nichtsdestotrotz m\u00f6chten Sie vielleicht Cookies auf dieser und anderen Webseiten deaktivieren. Der einfachste Weg daf\u00fcr ist direkt in Ihrem Browser. Suchen Sie dazu das &#8220;Hilfe&#8221;-Men\u00fc auf oder besuchen Sie <a href=\"https:\/\/de.wikihow.com\/Cookies-deaktivieren\" target=\"_blank\" rel=\"noopener noreferrer\">Wikihow<\/a>\u00a0f\u00fcr Anleitungen zu allen aktuellen Browsern.<\/p><p>Die Einstellungen f\u00fcr diese Website:<\/p><p><span class=\"borlabs-cookie-open-dialog-preferences brlbs-cmpnt-container\" data-borlabs-cookie-title=\"Cookie Settings\" data-borlabs-cookie-type=\"button\" ><\/span><\/p><p>\u00a0<\/p><h2 class=\"entry-title\">Ihre Daten bei uns<\/h2><p><img decoding=\"async\" class=\"size-full wp-image-86 alignleft lazyload\" data-src=\"\/content\/uploads\/2018\/05\/privacy.png\" alt=\"privacy\" width=\"150\" height=\"110\" src=\"data:image\/svg+xml;base64,PHN2ZyB3aWR0aD0iMSIgaGVpZ2h0PSIxIiB4bWxucz0iaHR0cDovL3d3dy53My5vcmcvMjAwMC9zdmciPjwvc3ZnPg==\" style=\"--smush-placeholder-width: 150px; --smush-placeholder-aspect-ratio: 150\/110;\" \/>Wenn Sie diese Website besuchen, wird der Zugriff mit Ihrer IP vom Server protokolliert \u2013 Das ist ganz normal und vollautomatisch. Unter Umst\u00e4nden \u00fcbermitteln Sie auch ganz bewusst personenbezogene Daten an uns, die wir dann verarbeiten und speichern: Zum Beispiel per Login, Kontaktformular, Anmeldung zum Newsletter oder Veranstaltungen. Der Schutz Ihrer Privatsph\u00e4re und Ihrer Rechte ist uns dabei sehr wichtig \u2013 Alle Informationen finden Sie unter\u00a0<a href=\"\/datenschutz\/\">Datenschutz<\/a>.<\/p><p>\u00a0<\/p><h2 class=\"entry-title\">Ihre Daten bei externen Diensten<\/h2><p><img decoding=\"async\" class=\"size-full wp-image-88 alignright lazyload\" data-src=\"\/content\/uploads\/2018\/05\/globalprotection.png\" alt=\"globalprotection\" width=\"150\" height=\"110\" src=\"data:image\/svg+xml;base64,PHN2ZyB3aWR0aD0iMSIgaGVpZ2h0PSIxIiB4bWxucz0iaHR0cDovL3d3dy53My5vcmcvMjAwMC9zdmciPjwvc3ZnPg==\" style=\"--smush-placeholder-width: 150px; --smush-placeholder-aspect-ratio: 150\/110;\" \/>Wenn Sie diese Website besuchen und verwenden, werden auch andere Dienste bei externen Anbietern in Anspruch genommen, um wichtige Funktionen anzubieten. Zum Beispiel Google Maps, den Facebook Like-Button oder Newsletter sowie auch Google Analytics und das Facebook Pixel, die uns dabei helfen uns dabei helfen, unser Angebot und Werbemittel besser auf bestimmte Zielgruppen auszurichten. Das hei\u00dft, dass Zugriffsinformationen und Ihre Eingaben teilweise automatisch weitergegeben werden. Bevor jedoch pers\u00f6nliche Informationen weitergegeben werden, informieren wir Sie nochmals gesondert. N\u00e4heres dazu finden Sie im <a href=\"\/datenschutz\/\">Datenschutz<\/a>.<\/p>\t\t\t\t\t\t\t\t<\/div>\n\t\t\t\t<\/div>\n\t\t\t\t\t<\/div>\n\t\t<\/div>\n\t\t\t\t\t<\/div>\n\t\t<\/section>\n\t\t\t\t<\/div>\n\t\t","protected":false},"excerpt":{"rendered":"<p>Cookies Diese Seite verwendet Cookies \u2013 Das sind kleine Textdateien auf Ihrem Ger\u00e4t, die Webseiten dabei unterst\u00fctzen Ihnen eine bessere Erfahrung zu bieten. Allgemein werden Cookies verwendet um Nutzerinformationen zu speichern, z.B.: Eingeloggt-Status, Warenkorb im Online Shop, Einstellungen und anonymisierte Tracking Daten f\u00fcr externe Dienste wie Google Analytics oder Facebook. Cookies erm\u00f6glichen Ihnen ein besseres [&hellip;]<\/p>\n","protected":false},"author":10,"featured_media":0,"parent":0,"menu_order":0,"comment_status":"closed","ping_status":"closed","template":"","meta":{"_acf_changed":false,"_seopress_robots_primary_cat":"","_seopress_titles_title":"","_seopress_titles_desc":"","_seopress_robots_index":"","footnotes":""},"class_list":["post-20222","page","type-page","status-publish","hentry"],"acf":[],"_links":{"self":[{"href":"https:\/\/www.alpjobs.co\/en\/wp-json\/wp\/v2\/pages\/20222","targetHints":{"allow":["GET"]}}],"collection":[{"href":"https:\/\/www.alpjobs.co\/en\/wp-json\/wp\/v2\/pages"}],"about":[{"href":"https:\/\/www.alpjobs.co\/en\/wp-json\/wp\/v2\/types\/page"}],"author":[{"embeddable":true,"href":"https:\/\/www.alpjobs.co\/en\/wp-json\/wp\/v2\/users\/10"}],"replies":[{"embeddable":true,"href":"https:\/\/www.alpjobs.co\/en\/wp-json\/wp\/v2\/comments?post=20222"}],"version-history":[{"count":7,"href":"https:\/\/www.alpjobs.co\/en\/wp-json\/wp\/v2\/pages\/20222\/revisions"}],"predecessor-version":[{"id":57490,"href":"https:\/\/www.alpjobs.co\/en\/wp-json\/wp\/v2\/pages\/20222\/revisions\/57490"}],"wp:attachment":[{"href":"https:\/\/www.alpjobs.co\/en\/wp-json\/wp\/v2\/media?parent=20222"}],"curies":[{"name":"wp","href":"https:\/\/api.w.org\/{rel}","templated":true}]}}