{"id":20232,"date":"2021-09-24T12:29:13","date_gmt":"2021-09-24T10:29:13","guid":{"rendered":"https:\/\/www.alpjobs.co\/?page_id=20232"},"modified":"2021-09-24T12:29:13","modified_gmt":"2021-09-24T10:29:13","slug":"gdpr","status":"publish","type":"page","link":"https:\/\/www.alpjobs.co\/en\/gdpr\/","title":{"rendered":"GDPR"},"content":{"rendered":"<p>Die Datenschutzerkl\u00e4rung hier generieren:\u00a0<a href=\"https:\/\/dsgvo-muster-datenschutzerklaerung.dg-datenschutz.de\/\">https:\/\/dsgvo-muster-datenschutzerklaerung.dg-datenschutz.de\/<\/a><\/p>\n<p><a title=\"Datenschutz Generator von firmenwebseiten.at\" href=\"https:\/\/www.firmenwebseiten.at\/datenschutz-generator\/\" target=\"_blank\" rel=\"follow noopener noreferrer\">Datenschutz Generator von firmenwebseiten.at<\/a>\u00a0in Kooperation mit\u00a0<a class=\"external\" title=\"Laser Haarentfernung Wien bei Aestomed\" href=\"https:\/\/www.aestomed.at\/laserbehandlungen\/dauerhafte-haarentfernung-wien\/\" target=\"_blank\" rel=\"follow noopener noreferrer\">aestomed.at<\/a><\/p>\n<p>&nbsp;<\/p>\n<h4>+ Datenschutzbestimmungen zu Einsatz und Verwendung zus\u00e4tzlicher Plugins f\u00fcr WordPress<\/h4>\n<h5>WordFence<\/h5>\n<p>Der f\u00fcr die Verarbeitung Verantwortliche hat auf dieser Internetseite WordFence integriert. WordFence ist ein WordPress-Plug-In, welches dem Betreiber einer Internetseite, die auf WordPress aufbaut, zus\u00e4tzliche Funktionen bietet. WordFence gestattet dem Internetseitenbetreiber unter anderem eine \u00dcbersicht \u00fcber die Besucher der Seite. Au\u00dferdem sind diverse Sicherheitsfunktionen in WordFence integriert, sodass eine WordFence nutzende Internetseite besser gegen Hacker, Schadsoftware und Brute-Force-Attacken gesch\u00fctzt ist.<\/p>\n<p>WordFence setzt ein Cookie auf dem informationstechnologischen System der betroffenen Person. Was Cookies sind, wurde oben bereits erl\u00e4utert. Diese Cookies dienen der Speicherung von Zugriffsdaten (Log Datei) mit denen wir als Betreiber die Seite technisch und inhaltlich optimieren.<\/p>\n<h5>Borlabs Cookie<\/h5>\n<p>Das Borlabs Cookie Plugin zeigt eine Meldung zur Verwendung von Cookies an. Damit diese nicht bei jedem Besuch angezeigt wird, wird unter Umst\u00e4nden ein Cookie gesetzt, der 30 Tage lang g\u00fcltig ist. Anschlie\u00dfend wird die Meldung erneut angezeigt und ein neuer Cookie gesetzt.<\/p>\n<h4 class=\"adsimple-221061928\">MailChimp Datenschutzerkl\u00e4rung<\/h4>\n<p>Wir versenden Newsletter mit MailChimp und verwenden auf dieser Webseite Funktionen des Newsletter Dienstes MailChimp der Firma\u00a0The Rocket Science Group, LLC,\u00a0675 Ponce de Leon Ave NE,\u00a0Suite 5000,\u00a0Atlanta, GA 30308 USA um Newsletter-Anmeldungen zu erfassen.<\/p>\n<h4 class=\"adsimple-221061928\">Allgemeine Informationen zu MailChimp<\/h4>\n<p>Die Rocket Science Group LLC (MailChimp) unterh\u00e4lt Online-Plattformen, die es unseren Nutzern erm\u00f6glichen, in Kontakt mit ihren Abonnenten zu bleiben, in erster Linie per E-Mail. Sie erlauben Benutzern, E-Mail-Adressen und andere Informationen zum Abonnentenprofil, wie z. B. Name, physische Adresse und andere demografische Informationen, in die MailChimp Datenbank hochzuladen. Diese Informationen werden verwendet, um E-Mails zu senden und die Verwendung bestimmter anderer MailChimp-Funktionen f\u00fcr diese Benutzer zu erm\u00f6glichen. In \u00dcbereinstimmung mit den ver\u00f6ffentlichten Datenschutzrichtlinien teilt MailChimp einige Informationen mit Drittanbietern, um die Dienste bereitzustellen und zu unterst\u00fctzen, die MailChimp den Nutzern anbietet. MailChimp teilt auch einige Informationen mit Werbepartnern von Drittanbietern, um die Bed\u00fcrfnisse und Interessen der Nutzer besser zu verstehen, damit relevantere Inhalte und zielgerichtete Werbung f\u00fcr diese Nutzer und andere Nutzer bereitgestellt werden k\u00f6nnen.<\/p>\n<h4 class=\"adsimple-221061928\">Newsletter Anmeldung<\/h4>\n<p>Wenn Sie auf unserer Webseite f\u00fcr unseren Newsletter anmelden, werden die eingegebenen Daten bei MailChimp gespeichert.<\/p>\n<h4 class=\"adsimple-221061928\">L\u00f6schung Ihrer Daten<\/h4>\n<p>Sie k\u00f6nnen Ihre Zustimmung f\u00fcr den Erhalt unseres Newsletters jederzeit innerhalb der empfangenen E-Mail per Klick auf den Link im unteren Bereich entziehen. Wenn Sie sich mittels Klick auf den Abmeldelink abgemeldet haben, werden Ihre Daten bei MailChimp gel\u00f6scht.<\/p>\n<h4 class=\"adsimple-221061928\">Newsletter Auswertung<\/h4>\n<p>Wenn Sie einen Newsletter \u00fcber MailChimp erhalten, werden Informationen wie IP-Adresse, Browsertyp und E-Mail-Programm gespeichert um uns Informationen zur Performance unseres Newsletters zu geben. MailChimp kann mittels den in den HTML-E-Mails integrierten Bildern namens Web Beacons (Details finden Sie auf\u00a0<a class=\"adsimple-221061928\" href=\"https:\/\/kb.mailchimp.com\/reports\/about-open-tracking\" rel=\"nofollow\">https:\/\/kb.mailchimp.com\/reports\/about-open-tracking<\/a>) feststellen ob die E-Mail angekommen ist, ob sie ge\u00f6ffnet wurde und ob Links angeklickt wurden. All diese Informationen werden auf den Servern von MailChimp gespeichert, nicht auf dieser Webseite.<\/p>\n<p>MailChimp ist aktiver Teilnehmer beim EU-U.S. Privacy Shield Framework wodurch der korrekte und sichere Datentransfer pers\u00f6nlicher Daten geregelt wird. Mehr Informationen dazu finden Sie auf\u00a0<a class=\"adsimple-221061928\" href=\"https:\/\/www.privacyshield.gov\/participant?id=a2zt0000000TO6hAAG\" rel=\"nofollow\">https:\/\/www.privacyshield.gov\/participant?id=a2zt0000000TO6hAAG<\/a>. Mehr \u00fcber den Einsatz von Cookies bei MailChimp erfahren Sie auf\u00a0<a class=\"adsimple-221061928\" href=\"https:\/\/mailchimp.com\/legal\/cookies\/\" rel=\"nofollow\">https:\/\/mailchimp.com\/legal\/cookies\/<\/a>, Informationen zum Datenschutz bei MailChimp (Privacy) k\u00f6nnen Sie auf\u00a0<a class=\"adsimple-221061928\" href=\"https:\/\/mailchimp.com\/legal\/privacy\/\" rel=\"nofollow\">https:\/\/mailchimp.com\/legal\/privacy\/<\/a>\u00a0nachlesen.<\/p>\n<h4 class=\"adsimple-221061928\">MailChimp Auftragsdatenverarbeitung Vertrag<\/h4>\n<p>Wir haben mit MailChimp einen Vertrag \u00fcber die Auftragsdatenverarbeitung (Data Processing Addendum) abgeschlossen. Dieser Vertrag dient zur Absicherung Ihrer pers\u00f6nlichen Daten und stellt sicher, dass sich MailChimp an die geltenden Datenschutzbestimmungen h\u00e4lt und Ihre pers\u00f6nlichen Daten nicht an Dritte weitergibt.<\/p>\n<p>Mehr Informationen zu diesem Vertrag finden Sie auf\u00a0<a class=\"adsimple-221061928\" href=\"http:\/\/mailchimp.com\/legal\/forms\/data-processing-agreement\/\" rel=\"nofollow\">http:\/\/mailchimp.com\/legal\/forms\/data-processing-agreement\/<\/a>.<\/p>\n<h4 class=\"adsimple-221061928\">Google Fonts Datenschutzerkl\u00e4rung<\/h4>\n<p>Wir verwenden Google Fonts der Firma Google Inc. (1600 Amphitheatre Parkway Mountain View, CA 94043, USA) auf unserer Webseite. Die Verwendung von Google Fonts erfolgt ohne Authentisierung und es werden keine Cookies and die Google Fonts API gesendet. Sollten Sie ein Konto bei Google haben, werden keine Ihrer Google-Kontodaten an Google w\u00e4hrend der Nutzung von Google Fonts \u00fcbermittelt. Google erfasst lediglich die Nutzung von CSS und der verwendeten Fonts und speichert diese Daten sicher. Mehr zu diesen und weiteren Fragen finden Sie auf\u00a0<a class=\"adsimple-221061928\" href=\"https:\/\/developers.google.com\/fonts\/faq\" rel=\"nofollow\">https:\/\/developers.google.com\/fonts\/faq<\/a>.<\/p>\n<p>Welche Daten von Google erfasst werden und wof\u00fcr diese Daten verwendet werden, k\u00f6nnen Sie auf\u00a0<a class=\"adsimple-221061928\" href=\"https:\/\/www.google.com\/intl\/de\/policies\/privacy\/\" rel=\"nofollow\">https:\/\/www.google.com\/intl\/de\/policies\/privacy\/<\/a>\u00a0nachlesen.<\/p>\n<h4 class=\"adsimple-221061928\">Google Maps Datenschutzerkl\u00e4rung<\/h4>\n<p>Wir verwenden Google Maps der Firma Google Inc. (1600 Amphitheatre Parkway Mountain View, CA 94043, USA) auf unserer Webseite.<\/p>\n<p>Durch die Nutzung der Funktionen dieser Karte werden Daten an Google \u00fcbertragen. Welche Daten von Google erfasst werden und wof\u00fcr diese Daten verwendet werden, k\u00f6nnen Sie auf\u00a0<a class=\"adsimple-221061928\" href=\"https:\/\/www.google.com\/intl\/de\/policies\/privacy\/\" rel=\"nofollow\">https:\/\/www.google.com\/intl\/de\/policies\/privacy\/<\/a>\u00a0nachlesen.<\/p>\n<h4 class=\"adsimple-221061928\">Google Analytics Datenschutzerkl\u00e4rung<\/h4>\n<p>Wir verwenden auf dieser Website Google Analytics der Firma Google LLC (1600 Amphitheatre Parkway Mountain View, CA 94043, USA) um Besucherdaten statistisch auszuwerten. Dabei verwendet Google Analytics zielorientierte Cookies.<\/p>\n<h4 class=\"adsimple-221061928\">Cookies von Google Analytics<\/h4>\n<ul class=\"adsimple-221061928\">\n<li class=\"adsimple-221061928\">_ga\n<ul class=\"adsimple-221061928\">\n<li class=\"adsimple-221061928\">Ablaufzeit: 2 Jahre<\/li>\n<li class=\"adsimple-221061928\">Verwendung: Unterscheidung der Webseitenbesucher<\/li>\n<li class=\"adsimple-221061928\">Beispielhafter Wert:\u00a0GA1.2.1326744211.152221061928<\/li>\n<\/ul>\n<\/li>\n<li class=\"adsimple-221061928\">_gid\n<ul class=\"adsimple-221061928\">\n<li class=\"adsimple-221061928\">Ablaufzeit: 24 Stunden<\/li>\n<li class=\"adsimple-221061928\">Verwendung: Unterscheidung der Webseitenbesucher<\/li>\n<li class=\"adsimple-221061928\">Beispielhafter Wert: GA1.2.1687193234.152221061928<\/li>\n<\/ul>\n<\/li>\n<li class=\"adsimple-221061928\">_gat_gtag_UA_&lt;property-id&gt;\n<ul class=\"adsimple-221061928\">\n<li class=\"adsimple-221061928\">Ablaufzeit: 1 Minute<\/li>\n<li class=\"adsimple-221061928\">Verwendung:\u00a0Wird zum Drosseln der Anforderungsrate verwendet. Wenn Google Analytics \u00fcber den Google Tag Manager bereitgestellt wird, erh\u00e4lt dieser Cookie den Namen _dc_gtm_ &lt;property-id&gt;.<\/li>\n<li class=\"adsimple-221061928\">Beispielhafter Wert: 1<\/li>\n<\/ul>\n<\/li>\n<\/ul>\n<p>N\u00e4here Informationen zu Nutzungsbedingungen und Datenschutz finden Sie unter\u00a0<a class=\"adsimple-221061928\" href=\"http:\/\/www.google.com\/analytics\/terms\/de.html\" rel=\"nofollow\">http:\/\/www.google.com\/analytics\/terms\/de.html<\/a>\u00a0bzw. unter\u00a0<a class=\"adsimple-221061928\" href=\"https:\/\/support.google.com\/analytics\/answer\/6004245?hl=de\" rel=\"nofollow\">https:\/\/support.google.com\/analytics\/answer\/6004245?hl=de<\/a>.<\/p>\n<h4 class=\"adsimple-221061928\">Pseudonymisierung<\/h4>\n<p>Unser Anliegen im Sinne der DSGVO ist die Verbesserung unseres Angebotes und unseres Webauftritts. Da uns die Privatsph\u00e4re unserer Nutzer wichtig ist, werden die Nutzerdaten pseudonymisiert.\u00a0Die Datenverarbeitung erfolgt auf Basis der gesetzlichen Bestimmungen des \u00a7 96 Abs 3 TKG sowie des Art 6 EU-DSGVO Abs 1 lit a (Einwilligung) und\/oder f (berechtigtes Interesse) der DSGVO.<\/p>\n<h4 class=\"adsimple-221061928\">Gravatar Datenschutzerkl\u00e4rung<\/h4>\n<p>Wir verwenden auf dieser Webseite Gravatar der Firma Automattic Inc. (60 29th Street #343,\u00a0San Francisco, CA 94110, USA) um Benutzerbilder (Avatar) auf Basis der E-Mail-Adresse bei Beitr\u00e4gen und Kommentaren zuzuordnen.<\/p>\n<p>Ein Gravatar ist ein\u00a0<strong class=\"adsimple-221061928\">G<\/strong>lobally\u00a0<strong class=\"adsimple-221061928\">R<\/strong>ecognized\u00a0<strong class=\"adsimple-221061928\">Avatar\u00a0<\/strong>\u2013 ein weltweit verf\u00fcgbares Benutzerbild \u2013 welches einer E-Mail-Adresse zugeordnet und bei deren Verwendung in verschiedenen Onlinediensten zum Einsatz kommen kann.<br \/>\nDa nur beim Einsatz einer bei Gravatar registrierten E-Mail-Adresse ein Bild angezeigt wird und somit Daten zu Gravatar \u00fcbertragen werden, k\u00f6nnen Sie die \u00dcbertragung Ihrer Daten zu Gravatar verhindern, indem Sie mit einer bei Gravatar nicht registrierten E-Mail-Adresse kommentieren oder Beitr\u00e4ge verfassen.<\/p>\n<p>Rechtsgrundlage f\u00fcr die Verwendung ist Artikel 6 (1) f (Rechtm\u00e4\u00dfigkeit der Verarbeitung), denn es besteht ein berechtigtes Interesse den Verfassen von Inhalten (Beitr\u00e4gen, Kommentare,..) dieser Webseite die M\u00f6glichkeit zu bieten ein von Ihnen selbst ausgesuchtes Bild eigenen Inhalten zuzuordnen.<\/p>\n<p>Automattic ist aktiver Teilnehmer beim EU-U.S. Privacy Shield Framework wodurch der korrekte und sichere Datentransfer pers\u00f6nlicher Daten geregelt wird. Mehr Informationen dazu finden Sie auf\u00a0<a class=\"adsimple-221061928\" href=\"https:\/\/www.privacyshield.gov\/participant?id=a2zt0000000CbqcAAC\" target=\"_blank\" rel=\"noopener nofollow noreferrer\">https:\/\/www.privacyshield.gov\/participant?id=a2zt0000000CbqcAAC<\/a>\u00a0.<br \/>\nMehr Details zur Datenschutzrichtlinie und welche Daten auf welche Art durch Gravatar erfasst werden finden Sie auf\u00a0<a class=\"adsimple-221061928\" href=\"https:\/\/automattic.com\/privacy\/\" target=\"_blank\" rel=\"noopener nofollow noreferrer\">https:\/\/automattic.com\/privacy\/<\/a>, allgemeine Informationen zu Gravatar auf\u00a0<a class=\"adsimple-221061928\" href=\"http:\/\/de.gravatar.com\/\" target=\"_blank\" rel=\"noopener nofollow noreferrer\">http:\/\/de.gravatar.com\/<\/a>.<\/p>\n<h4 class=\"adsimple-221061928\">Cookies deaktivieren<\/h4>\n<p>Sie k\u00f6nnen jederzeit Cookies, die sich bereits auf Ihrem Computer befinden, l\u00f6schen oder Cookies deaktivieren. Die Vorgangsweise dazu ist nach Browser unterschiedlich, am besten Sie suchen die Anleitung in Google mit dem Suchbegriff \u201ccookies l\u00f6schen chrome\u201d oder \u201ccookies deaktivieren chrome\u201d im Falle eines Chrome Browsers oder tauschen das Wort \u201cchrome\u201d gegen den Namen Ihres Browsers, z. B. edge, firefix, safari aus.<\/p>\n<p>Wenn Sie uns generell nicht gestatten, Cookies zu nutzen, d.h. diese per Browsereinstellung deaktivieren, k\u00f6nnen manche \u00a0Funktionen und Seiten nicht wie erwartet funktionieren.<\/p>\n<h4 class=\"adsimple-221061928\">Personalisierte Werbung deaktivieren<\/h4>\n<p>Wenn Sie ein Google Konto haben, k\u00f6nnen Sie auf der Seite\u00a0<a class=\"adsimple-221061928\" href=\"https:\/\/adssettings.google.com\/authenticated\" rel=\"nofollow\">https:\/\/adssettings.google.com\/authenticated<\/a>\u00a0personalisierte Werbung deaktivieren. Auch im Falle der Deaktivierung der Personalisierung von Anzeigen sehen Sie m\u00f6glicherweise weiterhin Anzeigen auf der Grundlage von Faktoren wie Ihrem ungef\u00e4hren Standort, der aus Ihrer IP-Adresse abgeleitet wird, dem Browsertyp sowie den k\u00fcrzlich verwendeten Suchbegriffen.<\/p>\n<p>Welche Daten von Google erfasst werden und wof\u00fcr diese Daten verwendet werden, k\u00f6nnen Sie auf\u00a0<a class=\"adsimple-221061928\" href=\"https:\/\/www.google.com\/intl\/de\/policies\/privacy\/\" rel=\"nofollow\">https:\/\/www.google.com\/intl\/de\/policies\/privacy\/<\/a>\u00a0nachlesen.<\/p>\n<h4 class=\"adsimple-221061928\">Amazon-Partnerprogramm Datenschutzerkl\u00e4rung<\/h4>\n<p>Wir sind Teilnehmer am Amazon Partnerprogramm welches die Platzierung von Amazon-Werbeanzeigen und Partnerlinks auf Webseiten erm\u00f6glicht. Durch diese Platzierung von Amazon Werbung wird eine Werbekostenerstattung erzielt.<br \/>\nUm die Herkunft von Bestellungen nachvollziehen zu k\u00f6nnen, setzt Amazon Cookies ein.<br \/>\nVerantwortliche Stelle im Sinne der Datenschutzgesetze sind die Amazon Europe Core S.\u00e0.r.l., die Amazon EU S.\u00e0.r.l, die Amazon Services Europe S.\u00e0.r.l. und die Amazon Media EU S.\u00e0.r.l., alle vier ans\u00e4ssig 5, Rue Plaetis, L-2338 Luxemburg sowie Amazon Instant Video Germany GmbH, Domagkstr. 28, 80807 M\u00fcnchen. Als Datenverarbeiter wird in ihrem Auftrag die Amazon Deutschland Services GmbH, Marcel-Breuer-Str. 12, 80807 M\u00fcnchen, t\u00e4tig.<br \/>\nDie Datenschutzrichtlinien, welche Informationen Amazon sammelt und wie sie diese verwenden finden Sie auf\u00a0<a class=\"adsimple-221061928\" href=\"https:\/\/www.amazon.de\/gp\/help\/customer\/display.html\/ref=footer_privacy?ie=UTF8u0026amp;nodeId=3312401\" rel=\"nofollow\">https:\/\/www.amazon.de\/gp\/help\/customer\/display.html\/ref=footer_privacy?ie=UTF8u0026amp;nodeId=3312401<\/a>.<\/p>\n<h4 class=\"adsimple-221061928\">Cloudflare Datenschutzerkl\u00e4rung<\/h4>\n<p>Wir verwenden auf dieser Website Cloudflare der Firma Cloudflare, Inc. (101 Townsend St., San Francisco, CA 94107, USA) um die Website schneller und sicherer zu machen. Dabei verwendet Cloudflare Cookies und verarbeitet Besucherdaten \u00fcber die wir Sie im Folgenden informieren.<\/p>\n<p>Der Cookie von Cloudflare (__cfduid) wird verwendet, um einzelne Besucher hinter einer gemeinsam genutzten IP-Adresse zu identifizieren und Sicherheitseinstellungen f\u00fcr jeden einzelnen Besucher anzuwenden. Wenn sich ein Besucher dieser Website zum Beispiel in einem Lokal befindet, in dem sich eine Reihe infizierter Computer befinden, aber der Computer des bestimmten Besuchers vertrauensw\u00fcrdig ist, k\u00f6nnen wir dies anhand des Cookies erkennen. Der Cookie entspricht keiner Benutzer-ID und speichert keine personenbezogenen Daten.<br \/>\nDieser Cookie ist f\u00fcr die Cloudflare-Sicherheitsfunktionen unbedingt erforderlich und kann nicht deaktiviert werden.<\/p>\n<h3 class=\"adsimple-221061928\">Cookies von Cloudflare<\/h3>\n<ul class=\"adsimple-221061928\">\n<li class=\"adsimple-221061928\">__cfduid\n<ul class=\"adsimple-221061928\">\n<li class=\"adsimple-221061928\">Ablaufzeit: 1 Jahr<\/li>\n<li class=\"adsimple-221061928\">Verwendung: Sicherheitseinstellungen f\u00fcr jeden einzelnen Besucher<\/li>\n<li class=\"adsimple-221061928\">Beispielhafter Wert:\u00a0d798bf7df9c1ad5b7583eda5cc9fa5e781221061928<\/li>\n<\/ul>\n<\/li>\n<\/ul>\n<p>Cloudflare bietet Web-Optimierung und Sicherheitsdienste, um Websites zu verbessern und zu sch\u00fctzen. Dazu geh\u00f6ren ein Reverse-Proxy, ein Passthrough-Sicherheitsdienst und ein Content-Verteilungsnetzwerk. Cloudflare erfasst Informationen der Webseitebesucher. Diese Information kann IP-Adressen, Systemkonfigurationsinformationen und andere Informationen \u00fcber den Verkehr von und zur Website umfassen, ist aber nicht darauf beschr\u00e4nkt. Cloudflare erfasst und verwendet Logdaten, um ihre Dienstleistungen gem\u00e4\u00df der Kundenvereinbarungen zu betreiben, zu warten und zu verbessern. Zum Beispiel k\u00f6nnen Logdaten Cloudflare dabei helfen, neue Bedrohungen zu erkennen, b\u00f6swillige Dritte zu identifizieren und dieser Website einen stabileren Sicherheitsschutz zu bieten.<\/p>\n<p>Cloudflare ist aktiver Teilnehmer beim EU-U.S. Privacy Shield Framework wodurch der korrekte und sichere Datentransfer pers\u00f6nlicher Daten geregelt wird. Mehr Informationen dazu finden Sie auf\u00a0<a class=\"adsimple-221061928\" href=\"https:\/\/www.privacyshield.gov\/participant?id=a2zt0000000GnZKAA0u0026amp;tid=221061928\" rel=\"nofollow\">https:\/\/www.privacyshield.gov\/participant?id=a2zt0000000GnZKAA0<\/a>.<br \/>\nMehr Informationen zum Datenschutz bei Cloudflare finden Sie auf\u00a0<a class=\"adsimple-221061928\" href=\"https:\/\/www.cloudflare.com\/de-de\/privacypolicy\/?tid=221061928\" target=\"_blank\" rel=\"noopener nofollow noreferrer\">https:\/\/www.cloudflare.com\/de-de\/privacypolicy\/<\/a>.<\/p>\n<p>&nbsp;<\/p>\n","protected":false},"excerpt":{"rendered":"<p>Die Datenschutzerkl\u00e4rung hier generieren:\u00a0https:\/\/dsgvo-muster-datenschutzerklaerung.dg-datenschutz.de\/ Datenschutz Generator von firmenwebseiten.at\u00a0in Kooperation mit\u00a0aestomed.at &nbsp; + Datenschutzbestimmungen zu Einsatz und Verwendung zus\u00e4tzlicher Plugins f\u00fcr WordPress WordFence Der f\u00fcr die Verarbeitung Verantwortliche hat auf dieser Internetseite WordFence integriert. WordFence ist ein WordPress-Plug-In, welches dem Betreiber einer Internetseite, die auf WordPress aufbaut, zus\u00e4tzliche Funktionen bietet. WordFence gestattet dem Internetseitenbetreiber unter anderem [&hellip;]<\/p>\n","protected":false},"author":10,"featured_media":0,"parent":0,"menu_order":0,"comment_status":"closed","ping_status":"closed","template":"","meta":{"_acf_changed":false,"_seopress_robots_primary_cat":"","_seopress_titles_title":"","_seopress_titles_desc":"","_seopress_robots_index":"","footnotes":""},"class_list":["post-20232","page","type-page","status-publish","hentry"],"acf":[],"_links":{"self":[{"href":"https:\/\/www.alpjobs.co\/en\/wp-json\/wp\/v2\/pages\/20232","targetHints":{"allow":["GET"]}}],"collection":[{"href":"https:\/\/www.alpjobs.co\/en\/wp-json\/wp\/v2\/pages"}],"about":[{"href":"https:\/\/www.alpjobs.co\/en\/wp-json\/wp\/v2\/types\/page"}],"author":[{"embeddable":true,"href":"https:\/\/www.alpjobs.co\/en\/wp-json\/wp\/v2\/users\/10"}],"replies":[{"embeddable":true,"href":"https:\/\/www.alpjobs.co\/en\/wp-json\/wp\/v2\/comments?post=20232"}],"version-history":[{"count":1,"href":"https:\/\/www.alpjobs.co\/en\/wp-json\/wp\/v2\/pages\/20232\/revisions"}],"predecessor-version":[{"id":20234,"href":"https:\/\/www.alpjobs.co\/en\/wp-json\/wp\/v2\/pages\/20232\/revisions\/20234"}],"wp:attachment":[{"href":"https:\/\/www.alpjobs.co\/en\/wp-json\/wp\/v2\/media?parent=20232"}],"curies":[{"name":"wp","href":"https:\/\/api.w.org\/{rel}","templated":true}]}}