{"id":20235,"date":"2021-09-24T12:29:38","date_gmt":"2021-09-24T10:29:38","guid":{"rendered":"https:\/\/www.alpjobs.co\/?page_id=20235"},"modified":"2021-09-24T12:34:16","modified_gmt":"2021-09-24T10:34:16","slug":"imprint","status":"publish","type":"page","link":"https:\/\/www.alpjobs.co\/en\/imprint\/","title":{"rendered":"Imprint"},"content":{"rendered":"\t\t<div data-elementor-type=\"wp-page\" data-elementor-id=\"20235\" class=\"elementor elementor-20235 elementor-12\" data-elementor-post-type=\"page\">\n\t\t\t\t\t\t<section class=\"elementor-section elementor-top-section elementor-element elementor-element-581297ba elementor-section-boxed elementor-section-height-default elementor-section-height-default\" data-id=\"581297ba\" data-element_type=\"section\" data-e-type=\"section\">\n\t\t\t\t\t\t<div class=\"elementor-container elementor-column-gap-default\">\n\t\t\t\t\t<div class=\"elementor-column elementor-col-100 elementor-top-column elementor-element elementor-element-7f497d6e\" data-id=\"7f497d6e\" data-element_type=\"column\" data-e-type=\"column\">\n\t\t\t<div class=\"elementor-widget-wrap elementor-element-populated\">\n\t\t\t\t\t\t<div class=\"elementor-element elementor-element-25409cf8 elementor-widget elementor-widget-text-editor\" data-id=\"25409cf8\" data-element_type=\"widget\" data-e-type=\"widget\" data-widget_type=\"text-editor.default\">\n\t\t\t\t<div class=\"elementor-widget-container\">\n\t\t\t\t\t\t\t\t\t<h2 id=\"site-main-header\" class=\"site-header__title\">IMPRINT und Offenlegung<\/h2><p class=\"site-header__title\">Impressum nach \u00a7 14 UGB, \u00a7 5 ECG und Offenlegung nach \u00a7 25 Mediengesetz (AT)<\/p><h3>Verantwortlich f\u00fcr den Inhalt:<\/h3><p>Hubert Schober<br \/>Liebenauer Hauptstrasse 34<br \/>Graz<\/p><p>Tel.:\u00a0 \u00a0 +43 316 375 038<br \/>E-Mail: &#x68;&#x65;&#x6c;&#x6c;&#x6f;&#x40;&#x61;&#x6c;&#112;&#106;&#111;&#98;&#115;&#46;&#97;t<\/p><h3>Firma:<\/h3><p>Alpjobs GmbH<\/p><p>Bezirksgericht Graz Ost<\/p><p>Firmenbuch: FN 499452<\/p><p>UID: ATU73723358<\/p><h3>Anliegen \/ &#8220;Richtung der Website&#8221;<\/h3><p>Information zu unseren Dienstleistungen,\u00a0F\u00f6rderung der Ziele des T\u00e4tigkeitsbereiches<\/p><h3>Webentwicklung<\/h3><p>Agentur:\u00a0 <a href=\"https:\/\/zeitgeistagentur.com\" target=\"_blank\" rel=\"noopener noreferrer\">Zeitgeist Online Marketing<\/a><br \/>Tech:\u00a0 <a href=\"https:\/\/samuelbauer.io\" target=\"_blank\" rel=\"noopener noreferrer\">Samuel Bauer<\/a> \/ Built on <a href=\"https:\/\/1wp.io\" target=\"_blank\" rel=\"noopener noreferrer\">PremiumWP<\/a> \u2014 Premium SEO WordPress Framework<\/p><h3>Haftungsausschluss<\/h3><p>Im Hinblick auf die technischen Eigenschaften des Internet kann keine Gew\u00e4hr f\u00fcr die Authentizit\u00e4t, Richtigkeit und Vollst\u00e4ndigkeit der im Internet zur Verf\u00fcgung gestellten Informationen \u00fcbernommen werden. Es wird auch keine Gew\u00e4hr f\u00fcr die Verf\u00fcgbarkeit oder den Betrieb der gegenst\u00e4ndlichen Homepage und ihrer Inhalte \u00fcbernommen.<\/p><p>Jede Haftung f\u00fcr unmittelbare, mittelbare oder sonstige Sch\u00e4den, unabh\u00e4ngig von deren Ursachen, die aus der Benutzung oder Nichtverf\u00fcgbarkeit der Daten und Informationen dieser Homepage erwachsen, wird, soweit rechtlich zul\u00e4ssig, ausgeschlossen.<\/p><h3>Keine Abmahnung ohne vorherige Kontaktaufnahme<\/h3><p>Sollte der Inhalt dieser Seiten inkl. Unterseiten und Links die Rechte Dritter oder gesetzliche Bestimmungen verletzen, informieren Sie uns ohne Kostennote. Wir garantieren, dass zu Recht beanstandete Passagen unverz\u00fcglich entfernt oder ge\u00e4ndert werden, ohne dass von Ihrer Seite die Einschaltung eines Rechtsbeistandes erforderlich ist. Dennoch von Ihnen ohne vorherige Kontaktaufnahme ausgel\u00f6ste Kosten werden zur\u00fcckgewiesen und gegebenenfalls Gegenklage wegen Verletzung vorgenannter Bestimmungen eingereicht.<\/p><p>Die Europ\u00e4ische Kommission stellt eine Plattform zur Online-Streitbeilegung (OS) bereit. Die Plattform finden Sie unter https:\/\/webgate.ec.europa.eu\/odr\/<\/p><h3>Hinweis zu Inhalten,\u00a0Copyright und Verlinkungen<\/h3><p>Soweit im Content personenbezogene Bezeichnungen nur in m\u00e4nnlicher Form angef\u00fchrt sind, beziehen sie sich auf Frauen und M\u00e4nner in gleicher Weise.<\/p><p>Der Inhalt dieser Homepage ist urheberrechtlich gesch\u00fctzt. Die Informationen sind nur f\u00fcr die pers\u00f6nliche Verwendung bestimmt. Jede weitergehende Nutzung insbesondere die Speicherung in Datenbanken, Vervielf\u00e4ltigung und jede Form von gewerblicher Nutzung sowie die Weitergabe an Dritte &#8211; auch in Teilen oder in \u00fcberarbeiteter Form &#8211; ohne Zustimmung der jeweiligen Organisation ist untersagt.<\/p><p>Hyperlinks auf diese Website\u00a0sind willkommen. Jede Einbindung einzelner Seiten unseres Angebotes in fremde Frames ist zu unterlassen.<\/p><h3>Datenschutz<\/h3><p>Die Vertraulichkeit und Schutzw\u00fcrdigkeit Ihrer Daten und Privatsph\u00e4re hat f\u00fcr uns h\u00f6chsten Stellenwert. Deshalb setzen wir die Bestimmungen der EU-DSGVO auch konsequent um. \u00dcber <a href=\"\/cookies-daten\/\">Cookies<\/a> dieser Webseite und welche <a href=\"\/cookies-daten\/\">Daten<\/a> bei der Verwendung dieser Website von uns verarbeitet, gespeichert bzw. weitergegeben werden, erfahren Sie in der <a href=\"\/datenschutz\/\">Datenschutzerkl\u00e4rung<\/a>.<\/p>\t\t\t\t\t\t\t\t<\/div>\n\t\t\t\t<\/div>\n\t\t\t\t\t<\/div>\n\t\t<\/div>\n\t\t\t\t\t<\/div>\n\t\t<\/section>\n\t\t\t\t<\/div>\n\t\t","protected":false},"excerpt":{"rendered":"<p>IMPRINT und Offenlegung Impressum nach \u00a7 14 UGB, \u00a7 5 ECG und Offenlegung nach \u00a7 25 Mediengesetz (AT) Verantwortlich f\u00fcr den Inhalt: Hubert SchoberLiebenauer Hauptstrasse 34Graz Tel.:\u00a0 \u00a0 +43 316 375 038E-Mail: hel&#108;&#111;&#64;&#x61;&#x6c;&#x70;&#x6a;&#x6f;&#x62;s&#46;a&#116; Firma: Alpjobs GmbH Bezirksgericht Graz Ost Firmenbuch: FN 499452 UID: ATU73723358 Anliegen \/ &#8220;Richtung der Website&#8221; Information zu unseren Dienstleistungen,\u00a0F\u00f6rderung der Ziele [&hellip;]<\/p>\n","protected":false},"author":10,"featured_media":0,"parent":0,"menu_order":0,"comment_status":"closed","ping_status":"closed","template":"","meta":{"_acf_changed":false,"_seopress_robots_primary_cat":"","_seopress_titles_title":"","_seopress_titles_desc":"","_seopress_robots_index":"","_seopress_analysis_target_kw":"","footnotes":""},"class_list":["post-20235","page","type-page","status-publish","hentry"],"acf":[],"_links":{"self":[{"href":"https:\/\/www.alpjobs.co\/en\/wp-json\/wp\/v2\/pages\/20235","targetHints":{"allow":["GET"]}}],"collection":[{"href":"https:\/\/www.alpjobs.co\/en\/wp-json\/wp\/v2\/pages"}],"about":[{"href":"https:\/\/www.alpjobs.co\/en\/wp-json\/wp\/v2\/types\/page"}],"author":[{"embeddable":true,"href":"https:\/\/www.alpjobs.co\/en\/wp-json\/wp\/v2\/users\/10"}],"replies":[{"embeddable":true,"href":"https:\/\/www.alpjobs.co\/en\/wp-json\/wp\/v2\/comments?post=20235"}],"version-history":[{"count":4,"href":"https:\/\/www.alpjobs.co\/en\/wp-json\/wp\/v2\/pages\/20235\/revisions"}],"predecessor-version":[{"id":20275,"href":"https:\/\/www.alpjobs.co\/en\/wp-json\/wp\/v2\/pages\/20235\/revisions\/20275"}],"wp:attachment":[{"href":"https:\/\/www.alpjobs.co\/en\/wp-json\/wp\/v2\/media?parent=20235"}],"curies":[{"name":"wp","href":"https:\/\/api.w.org\/{rel}","templated":true}]}}